{"id":159,"date":"2023-10-26T14:20:01","date_gmt":"2023-10-26T14:20:01","guid":{"rendered":"https:\/\/1186.lv\/eng\/auto-remonts-un-apkalposana\/"},"modified":"2023-10-28T10:04:20","modified_gmt":"2023-10-28T10:04:20","slug":"auto-remonts-un-apkalposana","status":"publish","type":"page","link":"https:\/\/1186.lv\/eng\/auto-remonts-un-apkalposana\/","title":{"rendered":"Auto remonts un apkalpo\u0161ana"},"content":{"rendered":"\t\t<div data-elementor-type=\"wp-page\" data-elementor-id=\"159\" class=\"elementor elementor-159\">\n\t\t\t\t\t\t\t<div class=\"elementor-element elementor-element-9ef1897 e-flex e-con-boxed e-con e-parent\" data-id=\"9ef1897\" data-element_type=\"container\" data-settings=\"{&quot;content_width&quot;:&quot;boxed&quot;}\" data-core-v316-plus=\"true\">\n\t\t\t\t\t<div class=\"e-con-inner\">\n\t\t\t\t<div class=\"elementor-element elementor-element-5bcafbc eael_simple_menu_hamburger_disable_selected_menu_hide eael-hamburger--none eael-simple-menu-hamburger-align-right elementor-widget elementor-widget-eael-simple-menu\" data-id=\"5bcafbc\" data-element_type=\"widget\" data-widget_type=\"eael-simple-menu.default\">\n\t\t\t\t<div class=\"elementor-widget-container\">\n\t\t\t<div data-hamburger-icon=\"&lt;i aria-hidden=&quot;true&quot; class=&quot;fas fa-bars&quot;&gt;&lt;\/i&gt;\" data-indicator-class=\"fas fa-angle-down\" data-dropdown-indicator-class=\"fas fa-angle-down\" class=\"eael-simple-menu-container eael-simple-menu-align-left eael-simple-menu--stretch eael-simple-menu-dropdown-align-left preset-1\" data-hamburger-breakpoints=\"{&quot;mobile&quot;:&quot;Mobile Portrait (&gt; 767px)&quot;,&quot;tablet&quot;:&quot;Tablet Portrait (&gt; 1024px)&quot;,&quot;desktop&quot;:&quot;Desktop (&gt; 2400px)&quot;,&quot;none&quot;:&quot;None&quot;}\" data-hamburger-device=\"none\"><ul id=\"menu-car-repair-and-servicing\" class=\"eael-simple-menu eael-simple-menu-dropdown-animate-to-top eael-simple-menu-indicator eael-simple-menu-horizontal\"><li id=\"menu-item-2744\" class=\"menu-item menu-item-type-custom menu-item-object-custom menu-item-2744\"><a href=\"https:\/\/1186.lv\/eng\/autoevakuacija\/\" class=\"menu-link\">Car towing<\/a><\/li>\n<li id=\"menu-item-2745\" class=\"menu-item menu-item-type-custom menu-item-object-custom menu-item-2745\"><a href=\"https:\/\/1186.lv\/eng\/autonoma\/\" class=\"menu-link\">Car diagnostics<\/a><\/li>\n<li id=\"menu-item-2746\" class=\"menu-item menu-item-type-custom menu-item-object-custom menu-item-2746\"><a href=\"https:\/\/1186.lv\/eng\/?page_id=162\" class=\"menu-link\">Spare parts<\/a><\/li>\n<li id=\"menu-item-2747\" class=\"menu-item menu-item-type-custom menu-item-object-custom menu-item-2747\"><a href=\"https:\/\/1186.lv\/eng\/lauksaimniecibas-tehnika\/\" class=\"menu-link\">Agricultural machinery<\/a><\/li>\n<\/ul><\/div>\t\t<\/div>\n\t\t\t\t<\/div>\n\t\t\t\t\t<\/div>\n\t\t\t\t<\/div>\n\t\t<div class=\"elementor-element elementor-element-b4185c9 e-con-full e-flex e-con e-parent\" data-id=\"b4185c9\" data-element_type=\"container\" data-settings=\"{&quot;content_width&quot;:&quot;full&quot;}\" data-core-v316-plus=\"true\">\n\t\t<div class=\"elementor-element elementor-element-86a89f4 e-con-full e-flex e-con e-child\" data-id=\"86a89f4\" data-element_type=\"container\" data-settings=\"{&quot;content_width&quot;:&quot;full&quot;}\">\n\t\t\t\t<div class=\"elementor-element elementor-element-2b533a3 elementor-widget elementor-widget-image\" data-id=\"2b533a3\" data-element_type=\"widget\" data-widget_type=\"image.default\">\n\t\t\t\t<div class=\"elementor-widget-container\">\n\t\t\t<style>\/*! elementor - v3.17.0 - 25-10-2023 *\/\n.elementor-widget-image{text-align:center}.elementor-widget-image a{display:inline-block}.elementor-widget-image a img[src$=\".svg\"]{width:48px}.elementor-widget-image img{vertical-align:middle;display:inline-block}<\/style>\t\t\t\t\t\t\t\t\t\t\t\t<img decoding=\"async\" loading=\"lazy\" width=\"300\" height=\"300\" src=\"https:\/\/1186.lv\/eng\/wp-content\/uploads\/sites\/2\/2023\/10\/WhatsApp-Image-2023-10-26-at-17.11.38_7da8b7b4-300x300.jpg\" class=\"attachment-medium size-medium wp-image-1778\" alt=\"\" srcset=\"https:\/\/1186.lv\/eng\/wp-content\/uploads\/sites\/2\/2023\/10\/WhatsApp-Image-2023-10-26-at-17.11.38_7da8b7b4-300x300.jpg 300w, https:\/\/1186.lv\/eng\/wp-content\/uploads\/sites\/2\/2023\/10\/WhatsApp-Image-2023-10-26-at-17.11.38_7da8b7b4-1024x1024.jpg 1024w, https:\/\/1186.lv\/eng\/wp-content\/uploads\/sites\/2\/2023\/10\/WhatsApp-Image-2023-10-26-at-17.11.38_7da8b7b4-150x150.jpg 150w, https:\/\/1186.lv\/eng\/wp-content\/uploads\/sites\/2\/2023\/10\/WhatsApp-Image-2023-10-26-at-17.11.38_7da8b7b4-768x768.jpg 768w, https:\/\/1186.lv\/eng\/wp-content\/uploads\/sites\/2\/2023\/10\/WhatsApp-Image-2023-10-26-at-17.11.38_7da8b7b4-600x600.jpg 600w, https:\/\/1186.lv\/eng\/wp-content\/uploads\/sites\/2\/2023\/10\/WhatsApp-Image-2023-10-26-at-17.11.38_7da8b7b4-100x100.jpg 100w, https:\/\/1186.lv\/eng\/wp-content\/uploads\/sites\/2\/2023\/10\/WhatsApp-Image-2023-10-26-at-17.11.38_7da8b7b4.jpg 1080w\" sizes=\"(max-width: 300px) 100vw, 300px\" \/>\t\t\t\t\t\t\t\t\t\t\t\t\t\t\t<\/div>\n\t\t\t\t<\/div>\n\t\t\t\t<\/div>\n\t\t<div class=\"elementor-element elementor-element-75cba3b e-con-full e-flex e-con e-child\" data-id=\"75cba3b\" data-element_type=\"container\" data-settings=\"{&quot;content_width&quot;:&quot;full&quot;}\">\n\t\t\t\t<div class=\"elementor-element elementor-element-0cfa06a elementor-widget elementor-widget-spacer\" data-id=\"0cfa06a\" data-element_type=\"widget\" data-widget_type=\"spacer.default\">\n\t\t\t\t<div class=\"elementor-widget-container\">\n\t\t\t<style>\/*! elementor - v3.17.0 - 25-10-2023 *\/\n.elementor-column .elementor-spacer-inner{height:var(--spacer-size)}.e-con{--container-widget-width:100%}.e-con-inner>.elementor-widget-spacer,.e-con>.elementor-widget-spacer{width:var(--container-widget-width,var(--spacer-size));--align-self:var(--container-widget-align-self,initial);--flex-shrink:0}.e-con-inner>.elementor-widget-spacer>.elementor-widget-container,.e-con>.elementor-widget-spacer>.elementor-widget-container{height:100%;width:100%}.e-con-inner>.elementor-widget-spacer>.elementor-widget-container>.elementor-spacer,.e-con>.elementor-widget-spacer>.elementor-widget-container>.elementor-spacer{height:100%}.e-con-inner>.elementor-widget-spacer>.elementor-widget-container>.elementor-spacer>.elementor-spacer-inner,.e-con>.elementor-widget-spacer>.elementor-widget-container>.elementor-spacer>.elementor-spacer-inner{height:var(--container-widget-height,var(--spacer-size))}.e-con-inner>.elementor-widget-spacer.elementor-widget-empty,.e-con>.elementor-widget-spacer.elementor-widget-empty{position:relative;min-height:22px;min-width:22px}.e-con-inner>.elementor-widget-spacer.elementor-widget-empty .elementor-widget-empty-icon,.e-con>.elementor-widget-spacer.elementor-widget-empty .elementor-widget-empty-icon{position:absolute;top:0;bottom:0;left:0;right:0;margin:auto;padding:0;width:22px;height:22px}<\/style>\t\t<div class=\"elementor-spacer\">\n\t\t\t<div class=\"elementor-spacer-inner\"><\/div>\n\t\t<\/div>\n\t\t\t\t<\/div>\n\t\t\t\t<\/div>\n\t\t\t\t<div class=\"elementor-element elementor-element-1a251ac elementor-widget elementor-widget-text-editor\" data-id=\"1a251ac\" data-element_type=\"widget\" data-widget_type=\"text-editor.default\">\n\t\t\t\t<div class=\"elementor-widget-container\">\n\t\t\t<style>\/*! elementor - v3.17.0 - 25-10-2023 *\/\n.elementor-widget-text-editor.elementor-drop-cap-view-stacked .elementor-drop-cap{background-color:#69727d;color:#fff}.elementor-widget-text-editor.elementor-drop-cap-view-framed .elementor-drop-cap{color:#69727d;border:3px solid;background-color:transparent}.elementor-widget-text-editor:not(.elementor-drop-cap-view-default) .elementor-drop-cap{margin-top:8px}.elementor-widget-text-editor:not(.elementor-drop-cap-view-default) .elementor-drop-cap-letter{width:1em;height:1em}.elementor-widget-text-editor .elementor-drop-cap{float:left;text-align:center;line-height:1;font-size:50px}.elementor-widget-text-editor .elementor-drop-cap-letter{display:inline-block}<\/style>\t\t\t\t<p>444.lv pakapojumi<br \/>Biznesa uzzi\u0146u port\u0101ls<br \/>444.lv Baltijas uz\u0146\u0113mumu ce\u013cvedis, kur iesp\u0113jams pievienot un skat\u012bt klientu atsauksmes, k\u0101 ar\u012b noskaidrot popul\u0101r\u0101kos uz\u0146\u0113mumus p\u0113c soci\u0101lo t\u012bklu lietot\u0101ju skaita. 444.LV pal\u012bdz\u0113s Tev atrast Latvijas iecien\u012bt\u0101k\u0101s vietas, tirgot\u0101jus un ieteicam\u0101kos pakalpojumu\u00a0sniedz\u0113jus.<\/p>\t\t\t\t\t\t<\/div>\n\t\t\t\t<\/div>\n\t\t\t\t<\/div>\n\t\t<div class=\"elementor-element elementor-element-dd04c59 e-con-full e-flex e-con e-child\" data-id=\"dd04c59\" data-element_type=\"container\" data-settings=\"{&quot;content_width&quot;:&quot;full&quot;}\">\n\t\t\t\t<div class=\"elementor-element elementor-element-cff4c81 elementor-widget elementor-widget-spacer\" data-id=\"cff4c81\" data-element_type=\"widget\" data-widget_type=\"spacer.default\">\n\t\t\t\t<div class=\"elementor-widget-container\">\n\t\t\t\t\t<div class=\"elementor-spacer\">\n\t\t\t<div class=\"elementor-spacer-inner\"><\/div>\n\t\t<\/div>\n\t\t\t\t<\/div>\n\t\t\t\t<\/div>\n\t\t\t\t<div class=\"elementor-element elementor-element-74a188c elementor-widget elementor-widget-text-editor\" data-id=\"74a188c\" data-element_type=\"widget\" data-widget_type=\"text-editor.default\">\n\t\t\t\t<div class=\"elementor-widget-container\">\n\t\t\t\t\t\t\t<p>Kontakti:<br \/><a href=\"mailto:Info@444.lv\">Info@444.lv<\/a><br \/><a href=\"tel:+371 27255552\">+371 27255552<\/a><br \/><a href=\"http:\/\/4444.lv\">http:\/\/4444.lv<\/a><\/p>\t\t\t\t\t\t<\/div>\n\t\t\t\t<\/div>\n\t\t\t\t<\/div>\n\t\t\t\t<\/div>\n\t\t<div class=\"elementor-element elementor-element-3548f1c e-con-full e-flex e-con e-parent\" data-id=\"3548f1c\" data-element_type=\"container\" data-settings=\"{&quot;content_width&quot;:&quot;full&quot;}\" data-core-v316-plus=\"true\">\n\t\t<div class=\"elementor-element elementor-element-33ea794 e-con-full e-flex e-con e-child\" data-id=\"33ea794\" data-element_type=\"container\" data-settings=\"{&quot;content_width&quot;:&quot;full&quot;}\">\n\t\t\t\t<div class=\"elementor-element elementor-element-b2ad616 elementor-widget elementor-widget-image\" data-id=\"b2ad616\" data-element_type=\"widget\" data-widget_type=\"image.default\">\n\t\t\t\t<div class=\"elementor-widget-container\">\n\t\t\t\t\t\t\t\t\t\t\t\t\t\t\t<img decoding=\"async\" loading=\"lazy\" width=\"300\" height=\"300\" src=\"https:\/\/1186.lv\/eng\/wp-content\/uploads\/sites\/2\/2023\/10\/WhatsApp-Image-2023-10-26-at-17.16.43_307da8b3-300x300.jpg\" class=\"attachment-medium size-medium wp-image-1779\" alt=\"\" srcset=\"https:\/\/1186.lv\/eng\/wp-content\/uploads\/sites\/2\/2023\/10\/WhatsApp-Image-2023-10-26-at-17.16.43_307da8b3-300x300.jpg 300w, https:\/\/1186.lv\/eng\/wp-content\/uploads\/sites\/2\/2023\/10\/WhatsApp-Image-2023-10-26-at-17.16.43_307da8b3-150x150.jpg 150w, https:\/\/1186.lv\/eng\/wp-content\/uploads\/sites\/2\/2023\/10\/WhatsApp-Image-2023-10-26-at-17.16.43_307da8b3-768x768.jpg 768w, https:\/\/1186.lv\/eng\/wp-content\/uploads\/sites\/2\/2023\/10\/WhatsApp-Image-2023-10-26-at-17.16.43_307da8b3-600x600.jpg 600w, https:\/\/1186.lv\/eng\/wp-content\/uploads\/sites\/2\/2023\/10\/WhatsApp-Image-2023-10-26-at-17.16.43_307da8b3-100x100.jpg 100w, https:\/\/1186.lv\/eng\/wp-content\/uploads\/sites\/2\/2023\/10\/WhatsApp-Image-2023-10-26-at-17.16.43_307da8b3.jpg 960w\" sizes=\"(max-width: 300px) 100vw, 300px\" \/>\t\t\t\t\t\t\t\t\t\t\t\t\t\t\t<\/div>\n\t\t\t\t<\/div>\n\t\t\t\t<\/div>\n\t\t<div class=\"elementor-element elementor-element-dc41b8b e-con-full e-flex e-con e-child\" data-id=\"dc41b8b\" data-element_type=\"container\" data-settings=\"{&quot;content_width&quot;:&quot;full&quot;}\">\n\t\t\t\t<div class=\"elementor-element elementor-element-93ba77f elementor-widget elementor-widget-spacer\" data-id=\"93ba77f\" data-element_type=\"widget\" data-widget_type=\"spacer.default\">\n\t\t\t\t<div class=\"elementor-widget-container\">\n\t\t\t\t\t<div class=\"elementor-spacer\">\n\t\t\t<div class=\"elementor-spacer-inner\"><\/div>\n\t\t<\/div>\n\t\t\t\t<\/div>\n\t\t\t\t<\/div>\n\t\t\t\t<div class=\"elementor-element elementor-element-f355797 elementor-widget elementor-widget-text-editor\" data-id=\"f355797\" data-element_type=\"widget\" data-widget_type=\"text-editor.default\">\n\t\t\t\t<div class=\"elementor-widget-container\">\n\t\t\t\t\t\t\t<p>1185.LV ir unik\u0101ls Latvijas uz\u0146\u0113mumu ce\u013cvedis, kur iesp\u0113jams pievienot un skat\u012bt klientu atsauksmes, k\u0101 ar\u012b noskaidrot popul\u0101r\u0101kos uz\u0146\u0113mumus p\u0113c soci\u0101lo t\u012bklu lietot\u0101ju skaita. 1185.LV pal\u012bdz\u0113s Tev atrast Latvijas iecien\u012bt\u0101k\u0101s vietas, tirgot\u0101jus un ieteicam\u0101kos pakalpojumu sniedz\u0113jus.<\/p>\t\t\t\t\t\t<\/div>\n\t\t\t\t<\/div>\n\t\t\t\t<\/div>\n\t\t<div class=\"elementor-element elementor-element-c0fd2b4 e-con-full e-flex e-con e-child\" data-id=\"c0fd2b4\" data-element_type=\"container\" data-settings=\"{&quot;content_width&quot;:&quot;full&quot;}\">\n\t\t\t\t<div class=\"elementor-element elementor-element-f152dd8 elementor-widget elementor-widget-spacer\" data-id=\"f152dd8\" data-element_type=\"widget\" data-widget_type=\"spacer.default\">\n\t\t\t\t<div class=\"elementor-widget-container\">\n\t\t\t\t\t<div class=\"elementor-spacer\">\n\t\t\t<div class=\"elementor-spacer-inner\"><\/div>\n\t\t<\/div>\n\t\t\t\t<\/div>\n\t\t\t\t<\/div>\n\t\t\t\t<div class=\"elementor-element elementor-element-d8997dd elementor-widget elementor-widget-text-editor\" data-id=\"d8997dd\" data-element_type=\"widget\" data-widget_type=\"text-editor.default\">\n\t\t\t\t<div class=\"elementor-widget-container\">\n\t\t\t\t\t\t\t<p>Kontakti<br \/><a href=\"mailto:Info@1185.lv\">Info@1185.lv<\/a><br \/><a href=\"tel:+37125757298\">+37125757298<\/a><br \/><a href=\"http:\/\/1185.lv\">http:\/\/1185.lv<\/a><\/p>\t\t\t\t\t\t<\/div>\n\t\t\t\t<\/div>\n\t\t\t\t<\/div>\n\t\t\t\t<\/div>\n\t\t<div class=\"elementor-element elementor-element-dcc9afd e-con-full e-flex e-con e-parent\" data-id=\"dcc9afd\" data-element_type=\"container\" data-settings=\"{&quot;content_width&quot;:&quot;full&quot;}\" data-core-v316-plus=\"true\">\n\t\t<div class=\"elementor-element elementor-element-3913001 e-con-full e-flex e-con e-child\" data-id=\"3913001\" data-element_type=\"container\" data-settings=\"{&quot;content_width&quot;:&quot;full&quot;}\">\n\t\t\t\t<div class=\"elementor-element elementor-element-85f30ac elementor-widget elementor-widget-spacer\" data-id=\"85f30ac\" data-element_type=\"widget\" data-widget_type=\"spacer.default\">\n\t\t\t\t<div class=\"elementor-widget-container\">\n\t\t\t\t\t<div class=\"elementor-spacer\">\n\t\t\t<div class=\"elementor-spacer-inner\"><\/div>\n\t\t<\/div>\n\t\t\t\t<\/div>\n\t\t\t\t<\/div>\n\t\t\t\t<div class=\"elementor-element elementor-element-fa360a8 elementor-widget elementor-widget-image\" data-id=\"fa360a8\" data-element_type=\"widget\" data-widget_type=\"image.default\">\n\t\t\t\t<div class=\"elementor-widget-container\">\n\t\t\t\t\t\t\t\t\t\t\t\t\t\t\t<img decoding=\"async\" loading=\"lazy\" width=\"300\" height=\"106\" src=\"https:\/\/1186.lv\/eng\/wp-content\/uploads\/sites\/2\/2023\/10\/cropped-InShot_20230408_124727392-300x106.jpg\" class=\"attachment-medium size-medium wp-image-1780\" alt=\"\" srcset=\"https:\/\/1186.lv\/eng\/wp-content\/uploads\/sites\/2\/2023\/10\/cropped-InShot_20230408_124727392-300x106.jpg 300w, https:\/\/1186.lv\/eng\/wp-content\/uploads\/sites\/2\/2023\/10\/cropped-InShot_20230408_124727392-1024x363.jpg 1024w, https:\/\/1186.lv\/eng\/wp-content\/uploads\/sites\/2\/2023\/10\/cropped-InShot_20230408_124727392-768x272.jpg 768w, https:\/\/1186.lv\/eng\/wp-content\/uploads\/sites\/2\/2023\/10\/cropped-InShot_20230408_124727392-1536x544.jpg 1536w, https:\/\/1186.lv\/eng\/wp-content\/uploads\/sites\/2\/2023\/10\/cropped-InShot_20230408_124727392-600x213.jpg 600w, https:\/\/1186.lv\/eng\/wp-content\/uploads\/sites\/2\/2023\/10\/cropped-InShot_20230408_124727392.jpg 1920w\" sizes=\"(max-width: 300px) 100vw, 300px\" \/>\t\t\t\t\t\t\t\t\t\t\t\t\t\t\t<\/div>\n\t\t\t\t<\/div>\n\t\t\t\t<\/div>\n\t\t<div class=\"elementor-element elementor-element-d1e3935 e-con-full e-flex e-con e-child\" data-id=\"d1e3935\" data-element_type=\"container\" data-settings=\"{&quot;content_width&quot;:&quot;full&quot;}\">\n\t\t\t\t<div class=\"elementor-element elementor-element-97194f7 elementor-widget elementor-widget-spacer\" data-id=\"97194f7\" data-element_type=\"widget\" data-widget_type=\"spacer.default\">\n\t\t\t\t<div class=\"elementor-widget-container\">\n\t\t\t\t\t<div class=\"elementor-spacer\">\n\t\t\t<div class=\"elementor-spacer-inner\"><\/div>\n\t\t<\/div>\n\t\t\t\t<\/div>\n\t\t\t\t<\/div>\n\t\t\t\t<div class=\"elementor-element elementor-element-7fc0e67 elementor-widget elementor-widget-text-editor\" data-id=\"7fc0e67\" data-element_type=\"widget\" data-widget_type=\"text-editor.default\">\n\t\t\t\t<div class=\"elementor-widget-container\">\n\t\t\t\t\t\t\t<p>8811.LV ir unik\u0101ls Latvijas uz\u0146\u0113mumu ce\u013cvedis, kur iesp\u0113jams pievienot un skat\u012bt klientu atsauksmes, k\u0101 ar\u012b noskaidrot popul\u0101r\u0101kos uz\u0146\u0113mumus p\u0113c soci\u0101lo t\u012bklu lietot\u0101ju skaita. 8811.LV pal\u012bdz\u0113s Tev atrast Latvijas iecien\u012bt\u0101k\u0101s vietas, tirgot\u0101jus un ieteicam\u0101kos pakalpojumu sniedz\u0113jus.<\/p>\t\t\t\t\t\t<\/div>\n\t\t\t\t<\/div>\n\t\t\t\t<\/div>\n\t\t<div class=\"elementor-element elementor-element-110ec5f e-con-full e-flex e-con e-child\" data-id=\"110ec5f\" data-element_type=\"container\" data-settings=\"{&quot;content_width&quot;:&quot;full&quot;}\">\n\t\t\t\t<div class=\"elementor-element elementor-element-d0e7757 elementor-widget elementor-widget-spacer\" data-id=\"d0e7757\" data-element_type=\"widget\" data-widget_type=\"spacer.default\">\n\t\t\t\t<div class=\"elementor-widget-container\">\n\t\t\t\t\t<div class=\"elementor-spacer\">\n\t\t\t<div class=\"elementor-spacer-inner\"><\/div>\n\t\t<\/div>\n\t\t\t\t<\/div>\n\t\t\t\t<\/div>\n\t\t\t\t<div class=\"elementor-element elementor-element-ded5543 elementor-widget elementor-widget-text-editor\" data-id=\"ded5543\" data-element_type=\"widget\" data-widget_type=\"text-editor.default\">\n\t\t\t\t<div class=\"elementor-widget-container\">\n\t\t\t\t\t\t\t<p>Kontakti <br \/><a href=\"mailto:Info@8811.lv\">Info@8811.lv<\/a><br \/><a href=\"tel:+371 20207858\">+371 20207858<\/a><br \/><a href=\"http:\/\/8811.lv\">http:\/\/8811.lv<\/a> <\/p>\t\t\t\t\t\t<\/div>\n\t\t\t\t<\/div>\n\t\t\t\t<\/div>\n\t\t\t\t<\/div>\n\t\t<div class=\"elementor-element elementor-element-76d5a96 e-con-full e-flex e-con e-parent\" data-id=\"76d5a96\" data-element_type=\"container\" data-settings=\"{&quot;content_width&quot;:&quot;full&quot;}\" data-core-v316-plus=\"true\">\n\t\t<div class=\"elementor-element elementor-element-6682121 e-con-full e-flex e-con e-child\" data-id=\"6682121\" data-element_type=\"container\" data-settings=\"{&quot;content_width&quot;:&quot;full&quot;}\">\n\t\t\t\t<div class=\"elementor-element elementor-element-d5a1f38 elementor-widget elementor-widget-spacer\" data-id=\"d5a1f38\" data-element_type=\"widget\" data-widget_type=\"spacer.default\">\n\t\t\t\t<div class=\"elementor-widget-container\">\n\t\t\t\t\t<div class=\"elementor-spacer\">\n\t\t\t<div class=\"elementor-spacer-inner\"><\/div>\n\t\t<\/div>\n\t\t\t\t<\/div>\n\t\t\t\t<\/div>\n\t\t\t\t<div class=\"elementor-element elementor-element-1bdcb75 elementor-widget elementor-widget-image\" data-id=\"1bdcb75\" data-element_type=\"widget\" data-widget_type=\"image.default\">\n\t\t\t\t<div class=\"elementor-widget-container\">\n\t\t\t\t\t\t\t\t\t\t\t\t\t\t\t<img decoding=\"async\" loading=\"lazy\" width=\"300\" height=\"300\" src=\"https:\/\/1186.lv\/eng\/wp-content\/uploads\/sites\/2\/2023\/10\/Untitled-1.png\" class=\"attachment-medium size-medium wp-image-1785\" alt=\"\" srcset=\"https:\/\/1186.lv\/eng\/wp-content\/uploads\/sites\/2\/2023\/10\/Untitled-1.png 300w, https:\/\/1186.lv\/eng\/wp-content\/uploads\/sites\/2\/2023\/10\/Untitled-1-150x150.png 150w, https:\/\/1186.lv\/eng\/wp-content\/uploads\/sites\/2\/2023\/10\/Untitled-1-100x100.png 100w\" sizes=\"(max-width: 300px) 100vw, 300px\" \/>\t\t\t\t\t\t\t\t\t\t\t\t\t\t\t<\/div>\n\t\t\t\t<\/div>\n\t\t\t\t<\/div>\n\t\t<div class=\"elementor-element elementor-element-d2a5423 e-con-full e-flex e-con e-child\" data-id=\"d2a5423\" data-element_type=\"container\" data-settings=\"{&quot;content_width&quot;:&quot;full&quot;}\">\n\t\t\t\t<div class=\"elementor-element elementor-element-4010ef1 elementor-widget elementor-widget-spacer\" data-id=\"4010ef1\" data-element_type=\"widget\" data-widget_type=\"spacer.default\">\n\t\t\t\t<div class=\"elementor-widget-container\">\n\t\t\t\t\t<div class=\"elementor-spacer\">\n\t\t\t<div class=\"elementor-spacer-inner\"><\/div>\n\t\t<\/div>\n\t\t\t\t<\/div>\n\t\t\t\t<\/div>\n\t\t\t\t<div class=\"elementor-element elementor-element-f548fec elementor-widget elementor-widget-text-editor\" data-id=\"f548fec\" data-element_type=\"widget\" data-widget_type=\"text-editor.default\">\n\t\t\t\t<div class=\"elementor-widget-container\">\n\t\t\t\t\t\t\t<p>1888.LV pal\u012bdz\u0113s Tev atrast Latvijas iecien\u012bt\u0101k\u0101s vietas, tirgot\u0101jus un ieteicam\u0101kos pakalpojumu sniedz\u0113jus.<\/p>\t\t\t\t\t\t<\/div>\n\t\t\t\t<\/div>\n\t\t\t\t<\/div>\n\t\t<div class=\"elementor-element elementor-element-f40a694 e-con-full e-flex e-con e-child\" data-id=\"f40a694\" data-element_type=\"container\" data-settings=\"{&quot;content_width&quot;:&quot;full&quot;}\">\n\t\t\t\t<div class=\"elementor-element elementor-element-533ced0 elementor-widget elementor-widget-spacer\" data-id=\"533ced0\" data-element_type=\"widget\" data-widget_type=\"spacer.default\">\n\t\t\t\t<div class=\"elementor-widget-container\">\n\t\t\t\t\t<div class=\"elementor-spacer\">\n\t\t\t<div class=\"elementor-spacer-inner\"><\/div>\n\t\t<\/div>\n\t\t\t\t<\/div>\n\t\t\t\t<\/div>\n\t\t\t\t<div class=\"elementor-element elementor-element-4c40a7d elementor-widget elementor-widget-text-editor\" data-id=\"4c40a7d\" data-element_type=\"widget\" data-widget_type=\"text-editor.default\">\n\t\t\t\t<div class=\"elementor-widget-container\">\n\t\t\t\t\t\t\t<p>Kontakti <br \/><a href=\"mailto:Info@1888.lv\">Info@1888.lv<\/a><br \/><a href=\"tel:+37126228737\">+37126228737<\/a><br \/><a href=\"http:\/\/1888.lv\">http:\/\/1888.lv<\/a><\/p>\t\t\t\t\t\t<\/div>\n\t\t\t\t<\/div>\n\t\t\t\t<\/div>\n\t\t\t\t<\/div>\n\t\t\t\t\t\t\t<\/div>\n\t\t","protected":false},"excerpt":{"rendered":"<p>Car towing Car diagnostics Spare parts Agricultural machinery 444.lv pakapojumiBiznesa uzzi\u0146u port\u0101ls444.lv Baltijas uz\u0146\u0113mumu ce\u013cvedis, kur iesp\u0113jams pievienot un skat\u012bt klientu atsauksmes, k\u0101 ar\u012b noskaidrot popul\u0101r\u0101kos uz\u0146\u0113mumus p\u0113c soci\u0101lo t\u012bklu lietot\u0101ju skaita. 444.LV pal\u012bdz\u0113s Tev atrast Latvijas iecien\u012bt\u0101k\u0101s vietas, tirgot\u0101jus un ieteicam\u0101kos pakalpojumu\u00a0sniedz\u0113jus. Kontakti:Info@444.lv+371 27255552http:\/\/4444.lv 1185.LV ir unik\u0101ls Latvijas uz\u0146\u0113mumu ce\u013cvedis, kur iesp\u0113jams pievienot un &hellip;<\/p>\n<p class=\"read-more\"> <a class=\"\" href=\"https:\/\/1186.lv\/eng\/auto-remonts-un-apkalposana\/\"> <span class=\"screen-reader-text\">Auto remonts un apkalpo\u0161ana<\/span> Read More &raquo;<\/a><\/p>\n","protected":false},"author":1,"featured_media":0,"parent":0,"menu_order":0,"comment_status":"closed","ping_status":"open","template":"elementor_header_footer","meta":{"site-sidebar-layout":"no-sidebar","site-content-layout":"","ast-site-content-layout":"full-width-container","site-content-style":"default","site-sidebar-style":"default","ast-global-header-display":"","ast-banner-title-visibility":"","ast-main-header-display":"","ast-hfb-above-header-display":"","ast-hfb-below-header-display":"","ast-hfb-mobile-header-display":"","site-post-title":"disabled","ast-breadcrumbs-content":"","ast-featured-img":"disabled","footer-sml-layout":"","theme-transparent-header-meta":"","adv-header-id-meta":"","stick-header-meta":"","header-above-stick-meta":"","header-main-stick-meta":"","header-below-stick-meta":"","astra-migrate-meta-layouts":"","ast-page-background-enabled":"default","ast-page-background-meta":{"desktop":{"background-color":"var(--ast-global-color-4)","background-image":"","background-repeat":"repeat","background-position":"center center","background-size":"auto","background-attachment":"scroll","background-type":"","background-media":"","overlay-type":"","overlay-color":"","overlay-gradient":""},"tablet":{"background-color":"","background-image":"","background-repeat":"repeat","background-position":"center center","background-size":"auto","background-attachment":"scroll","background-type":"","background-media":"","overlay-type":"","overlay-color":"","overlay-gradient":""},"mobile":{"background-color":"","background-image":"","background-repeat":"repeat","background-position":"center center","background-size":"auto","background-attachment":"scroll","background-type":"","background-media":"","overlay-type":"","overlay-color":"","overlay-gradient":""}},"ast-content-background-meta":{"desktop":{"background-color":"var(--ast-global-color-5)","background-image":"","background-repeat":"repeat","background-position":"center center","background-size":"auto","background-attachment":"scroll","background-type":"","background-media":"","overlay-type":"","overlay-color":"","overlay-gradient":""},"tablet":{"background-color":"var(--ast-global-color-5)","background-image":"","background-repeat":"repeat","background-position":"center center","background-size":"auto","background-attachment":"scroll","background-type":"","background-media":"","overlay-type":"","overlay-color":"","overlay-gradient":""},"mobile":{"background-color":"var(--ast-global-color-5)","background-image":"","background-repeat":"repeat","background-position":"center center","background-size":"auto","background-attachment":"scroll","background-type":"","background-media":"","overlay-type":"","overlay-color":"","overlay-gradient":""}},"footnotes":""},"_links":{"self":[{"href":"https:\/\/1186.lv\/eng\/wp-json\/wp\/v2\/pages\/159"}],"collection":[{"href":"https:\/\/1186.lv\/eng\/wp-json\/wp\/v2\/pages"}],"about":[{"href":"https:\/\/1186.lv\/eng\/wp-json\/wp\/v2\/types\/page"}],"author":[{"embeddable":true,"href":"https:\/\/1186.lv\/eng\/wp-json\/wp\/v2\/users\/1"}],"replies":[{"embeddable":true,"href":"https:\/\/1186.lv\/eng\/wp-json\/wp\/v2\/comments?post=159"}],"version-history":[{"count":7,"href":"https:\/\/1186.lv\/eng\/wp-json\/wp\/v2\/pages\/159\/revisions"}],"predecessor-version":[{"id":2924,"href":"https:\/\/1186.lv\/eng\/wp-json\/wp\/v2\/pages\/159\/revisions\/2924"}],"wp:attachment":[{"href":"https:\/\/1186.lv\/eng\/wp-json\/wp\/v2\/media?parent=159"}],"curies":[{"name":"wp","href":"https:\/\/api.w.org\/{rel}","templated":true}]}}