{"id":214,"date":"2023-10-26T14:20:03","date_gmt":"2023-10-26T14:20:03","guid":{"rendered":"https:\/\/1186.lv\/ru\/transportesana-un-evakuacija\/"},"modified":"2023-10-26T18:48:54","modified_gmt":"2023-10-26T18:48:54","slug":"transportesana-un-evakuacija","status":"publish","type":"page","link":"https:\/\/1186.lv\/ru\/transportesana-un-evakuacija\/","title":{"rendered":"Transport\u0113\u0161ana un evaku\u0101cija"},"content":{"rendered":"\t\t<div data-elementor-type=\"wp-page\" data-elementor-id=\"214\" class=\"elementor elementor-214\">\n\t\t\t\t\t\t\t<div class=\"elementor-element elementor-element-81c8c67 e-con-full e-flex e-con e-parent\" data-id=\"81c8c67\" data-element_type=\"container\" data-settings=\"{&quot;content_width&quot;:&quot;full&quot;}\" data-core-v316-plus=\"true\">\n\t\t<div class=\"elementor-element elementor-element-4ff471c e-con-full e-flex e-con e-child\" data-id=\"4ff471c\" data-element_type=\"container\" data-settings=\"{&quot;content_width&quot;:&quot;full&quot;}\">\n\t\t\t\t<div class=\"elementor-element elementor-element-6e9fb14 elementor-widget elementor-widget-image\" data-id=\"6e9fb14\" data-element_type=\"widget\" data-widget_type=\"image.default\">\n\t\t\t\t<div class=\"elementor-widget-container\">\n\t\t\t<style>\/*! elementor - v3.17.0 - 25-10-2023 *\/\n.elementor-widget-image{text-align:center}.elementor-widget-image a{display:inline-block}.elementor-widget-image a img[src$=\".svg\"]{width:48px}.elementor-widget-image img{vertical-align:middle;display:inline-block}<\/style>\t\t\t\t\t\t\t\t\t\t\t\t<img decoding=\"async\" loading=\"lazy\" width=\"300\" height=\"300\" src=\"https:\/\/1186.lv\/ru\/wp-content\/uploads\/sites\/3\/2023\/10\/WhatsApp-Image-2023-10-26-at-17.11.38_7da8b7b4-300x300.jpg\" class=\"attachment-medium size-medium wp-image-1778\" alt=\"\" srcset=\"https:\/\/1186.lv\/ru\/wp-content\/uploads\/sites\/3\/2023\/10\/WhatsApp-Image-2023-10-26-at-17.11.38_7da8b7b4-300x300.jpg 300w, https:\/\/1186.lv\/ru\/wp-content\/uploads\/sites\/3\/2023\/10\/WhatsApp-Image-2023-10-26-at-17.11.38_7da8b7b4-1024x1024.jpg 1024w, https:\/\/1186.lv\/ru\/wp-content\/uploads\/sites\/3\/2023\/10\/WhatsApp-Image-2023-10-26-at-17.11.38_7da8b7b4-150x150.jpg 150w, https:\/\/1186.lv\/ru\/wp-content\/uploads\/sites\/3\/2023\/10\/WhatsApp-Image-2023-10-26-at-17.11.38_7da8b7b4-768x768.jpg 768w, https:\/\/1186.lv\/ru\/wp-content\/uploads\/sites\/3\/2023\/10\/WhatsApp-Image-2023-10-26-at-17.11.38_7da8b7b4-600x600.jpg 600w, https:\/\/1186.lv\/ru\/wp-content\/uploads\/sites\/3\/2023\/10\/WhatsApp-Image-2023-10-26-at-17.11.38_7da8b7b4-100x100.jpg 100w, https:\/\/1186.lv\/ru\/wp-content\/uploads\/sites\/3\/2023\/10\/WhatsApp-Image-2023-10-26-at-17.11.38_7da8b7b4.jpg 1080w\" sizes=\"(max-width: 300px) 100vw, 300px\" \/>\t\t\t\t\t\t\t\t\t\t\t\t\t\t\t<\/div>\n\t\t\t\t<\/div>\n\t\t\t\t<\/div>\n\t\t<div class=\"elementor-element elementor-element-19736e7 e-con-full e-flex e-con e-child\" data-id=\"19736e7\" data-element_type=\"container\" data-settings=\"{&quot;content_width&quot;:&quot;full&quot;}\">\n\t\t\t\t<div class=\"elementor-element elementor-element-0ec5e6f elementor-widget elementor-widget-spacer\" data-id=\"0ec5e6f\" data-element_type=\"widget\" data-widget_type=\"spacer.default\">\n\t\t\t\t<div class=\"elementor-widget-container\">\n\t\t\t<style>\/*! elementor - v3.17.0 - 25-10-2023 *\/\n.elementor-column .elementor-spacer-inner{height:var(--spacer-size)}.e-con{--container-widget-width:100%}.e-con-inner>.elementor-widget-spacer,.e-con>.elementor-widget-spacer{width:var(--container-widget-width,var(--spacer-size));--align-self:var(--container-widget-align-self,initial);--flex-shrink:0}.e-con-inner>.elementor-widget-spacer>.elementor-widget-container,.e-con>.elementor-widget-spacer>.elementor-widget-container{height:100%;width:100%}.e-con-inner>.elementor-widget-spacer>.elementor-widget-container>.elementor-spacer,.e-con>.elementor-widget-spacer>.elementor-widget-container>.elementor-spacer{height:100%}.e-con-inner>.elementor-widget-spacer>.elementor-widget-container>.elementor-spacer>.elementor-spacer-inner,.e-con>.elementor-widget-spacer>.elementor-widget-container>.elementor-spacer>.elementor-spacer-inner{height:var(--container-widget-height,var(--spacer-size))}.e-con-inner>.elementor-widget-spacer.elementor-widget-empty,.e-con>.elementor-widget-spacer.elementor-widget-empty{position:relative;min-height:22px;min-width:22px}.e-con-inner>.elementor-widget-spacer.elementor-widget-empty .elementor-widget-empty-icon,.e-con>.elementor-widget-spacer.elementor-widget-empty .elementor-widget-empty-icon{position:absolute;top:0;bottom:0;left:0;right:0;margin:auto;padding:0;width:22px;height:22px}<\/style>\t\t<div class=\"elementor-spacer\">\n\t\t\t<div class=\"elementor-spacer-inner\"><\/div>\n\t\t<\/div>\n\t\t\t\t<\/div>\n\t\t\t\t<\/div>\n\t\t\t\t<div class=\"elementor-element elementor-element-b7db154 elementor-widget elementor-widget-text-editor\" data-id=\"b7db154\" data-element_type=\"widget\" data-widget_type=\"text-editor.default\">\n\t\t\t\t<div class=\"elementor-widget-container\">\n\t\t\t<style>\/*! elementor - v3.17.0 - 25-10-2023 *\/\n.elementor-widget-text-editor.elementor-drop-cap-view-stacked .elementor-drop-cap{background-color:#69727d;color:#fff}.elementor-widget-text-editor.elementor-drop-cap-view-framed .elementor-drop-cap{color:#69727d;border:3px solid;background-color:transparent}.elementor-widget-text-editor:not(.elementor-drop-cap-view-default) .elementor-drop-cap{margin-top:8px}.elementor-widget-text-editor:not(.elementor-drop-cap-view-default) .elementor-drop-cap-letter{width:1em;height:1em}.elementor-widget-text-editor .elementor-drop-cap{float:left;text-align:center;line-height:1;font-size:50px}.elementor-widget-text-editor .elementor-drop-cap-letter{display:inline-block}<\/style>\t\t\t\t<p>444.lv pakapojumi<br \/>Biznesa uzzi\u0146u port\u0101ls<br \/>444.lv Baltijas uz\u0146\u0113mumu ce\u013cvedis, kur iesp\u0113jams pievienot un skat\u012bt klientu atsauksmes, k\u0101 ar\u012b noskaidrot popul\u0101r\u0101kos uz\u0146\u0113mumus p\u0113c soci\u0101lo t\u012bklu lietot\u0101ju skaita. 444.LV pal\u012bdz\u0113s Tev atrast Latvijas iecien\u012bt\u0101k\u0101s vietas, tirgot\u0101jus un ieteicam\u0101kos pakalpojumu\u00a0sniedz\u0113jus.<\/p>\t\t\t\t\t\t<\/div>\n\t\t\t\t<\/div>\n\t\t\t\t<\/div>\n\t\t<div class=\"elementor-element elementor-element-74aa5d9 e-con-full e-flex e-con e-child\" data-id=\"74aa5d9\" data-element_type=\"container\" data-settings=\"{&quot;content_width&quot;:&quot;full&quot;}\">\n\t\t\t\t<div class=\"elementor-element elementor-element-2cd959d elementor-widget elementor-widget-spacer\" data-id=\"2cd959d\" data-element_type=\"widget\" data-widget_type=\"spacer.default\">\n\t\t\t\t<div class=\"elementor-widget-container\">\n\t\t\t\t\t<div class=\"elementor-spacer\">\n\t\t\t<div class=\"elementor-spacer-inner\"><\/div>\n\t\t<\/div>\n\t\t\t\t<\/div>\n\t\t\t\t<\/div>\n\t\t\t\t<div class=\"elementor-element elementor-element-38a85cc elementor-widget elementor-widget-text-editor\" data-id=\"38a85cc\" data-element_type=\"widget\" data-widget_type=\"text-editor.default\">\n\t\t\t\t<div class=\"elementor-widget-container\">\n\t\t\t\t\t\t\t<p>Kontakti:<br \/><a href=\"mailto:Info@444.lv\">Info@444.lv<\/a><br \/><a href=\"tel:+371 27255552\">+371 27255552<\/a><br \/><a href=\"http:\/\/4444.lv\">http:\/\/4444.lv<\/a><\/p>\t\t\t\t\t\t<\/div>\n\t\t\t\t<\/div>\n\t\t\t\t<\/div>\n\t\t\t\t<\/div>\n\t\t<div class=\"elementor-element elementor-element-ed2c513 e-con-full e-flex e-con e-parent\" data-id=\"ed2c513\" data-element_type=\"container\" data-settings=\"{&quot;content_width&quot;:&quot;full&quot;}\" data-core-v316-plus=\"true\">\n\t\t<div class=\"elementor-element elementor-element-df2172f e-con-full e-flex e-con e-child\" data-id=\"df2172f\" data-element_type=\"container\" data-settings=\"{&quot;content_width&quot;:&quot;full&quot;}\">\n\t\t\t\t<div class=\"elementor-element elementor-element-c3f66fe elementor-widget elementor-widget-image\" data-id=\"c3f66fe\" data-element_type=\"widget\" data-widget_type=\"image.default\">\n\t\t\t\t<div class=\"elementor-widget-container\">\n\t\t\t\t\t\t\t\t\t\t\t\t\t\t\t<img decoding=\"async\" loading=\"lazy\" width=\"300\" height=\"300\" src=\"https:\/\/1186.lv\/ru\/wp-content\/uploads\/sites\/3\/2023\/10\/WhatsApp-Image-2023-10-26-at-17.16.43_307da8b3-300x300.jpg\" class=\"attachment-medium size-medium wp-image-1779\" alt=\"\" srcset=\"https:\/\/1186.lv\/ru\/wp-content\/uploads\/sites\/3\/2023\/10\/WhatsApp-Image-2023-10-26-at-17.16.43_307da8b3-300x300.jpg 300w, https:\/\/1186.lv\/ru\/wp-content\/uploads\/sites\/3\/2023\/10\/WhatsApp-Image-2023-10-26-at-17.16.43_307da8b3-150x150.jpg 150w, https:\/\/1186.lv\/ru\/wp-content\/uploads\/sites\/3\/2023\/10\/WhatsApp-Image-2023-10-26-at-17.16.43_307da8b3-768x768.jpg 768w, https:\/\/1186.lv\/ru\/wp-content\/uploads\/sites\/3\/2023\/10\/WhatsApp-Image-2023-10-26-at-17.16.43_307da8b3-600x600.jpg 600w, https:\/\/1186.lv\/ru\/wp-content\/uploads\/sites\/3\/2023\/10\/WhatsApp-Image-2023-10-26-at-17.16.43_307da8b3-100x100.jpg 100w, https:\/\/1186.lv\/ru\/wp-content\/uploads\/sites\/3\/2023\/10\/WhatsApp-Image-2023-10-26-at-17.16.43_307da8b3.jpg 960w\" sizes=\"(max-width: 300px) 100vw, 300px\" \/>\t\t\t\t\t\t\t\t\t\t\t\t\t\t\t<\/div>\n\t\t\t\t<\/div>\n\t\t\t\t<\/div>\n\t\t<div class=\"elementor-element elementor-element-b42fa35 e-con-full e-flex e-con e-child\" data-id=\"b42fa35\" data-element_type=\"container\" data-settings=\"{&quot;content_width&quot;:&quot;full&quot;}\">\n\t\t\t\t<div class=\"elementor-element elementor-element-03a47ae elementor-widget elementor-widget-spacer\" data-id=\"03a47ae\" data-element_type=\"widget\" data-widget_type=\"spacer.default\">\n\t\t\t\t<div class=\"elementor-widget-container\">\n\t\t\t\t\t<div class=\"elementor-spacer\">\n\t\t\t<div class=\"elementor-spacer-inner\"><\/div>\n\t\t<\/div>\n\t\t\t\t<\/div>\n\t\t\t\t<\/div>\n\t\t\t\t<div class=\"elementor-element elementor-element-666aafa elementor-widget elementor-widget-text-editor\" data-id=\"666aafa\" data-element_type=\"widget\" data-widget_type=\"text-editor.default\">\n\t\t\t\t<div class=\"elementor-widget-container\">\n\t\t\t\t\t\t\t<p>1185.LV ir unik\u0101ls Latvijas uz\u0146\u0113mumu ce\u013cvedis, kur iesp\u0113jams pievienot un skat\u012bt klientu atsauksmes, k\u0101 ar\u012b noskaidrot popul\u0101r\u0101kos uz\u0146\u0113mumus p\u0113c soci\u0101lo t\u012bklu lietot\u0101ju skaita. 1185.LV pal\u012bdz\u0113s Tev atrast Latvijas iecien\u012bt\u0101k\u0101s vietas, tirgot\u0101jus un ieteicam\u0101kos pakalpojumu sniedz\u0113jus.<\/p>\t\t\t\t\t\t<\/div>\n\t\t\t\t<\/div>\n\t\t\t\t<\/div>\n\t\t<div class=\"elementor-element elementor-element-dd6abf7 e-con-full e-flex e-con e-child\" data-id=\"dd6abf7\" data-element_type=\"container\" data-settings=\"{&quot;content_width&quot;:&quot;full&quot;}\">\n\t\t\t\t<div class=\"elementor-element elementor-element-cd8d36e elementor-widget elementor-widget-spacer\" data-id=\"cd8d36e\" data-element_type=\"widget\" data-widget_type=\"spacer.default\">\n\t\t\t\t<div class=\"elementor-widget-container\">\n\t\t\t\t\t<div class=\"elementor-spacer\">\n\t\t\t<div class=\"elementor-spacer-inner\"><\/div>\n\t\t<\/div>\n\t\t\t\t<\/div>\n\t\t\t\t<\/div>\n\t\t\t\t<div class=\"elementor-element elementor-element-a848337 elementor-widget elementor-widget-text-editor\" data-id=\"a848337\" data-element_type=\"widget\" data-widget_type=\"text-editor.default\">\n\t\t\t\t<div class=\"elementor-widget-container\">\n\t\t\t\t\t\t\t<p>Kontakti<br \/><a href=\"mailto:Info@1185.lv\">Info@1185.lv<\/a><br \/><a href=\"tel:+37125757298\">+37125757298<\/a><br \/><a href=\"http:\/\/1185.lv\">http:\/\/1185.lv<\/a><\/p>\t\t\t\t\t\t<\/div>\n\t\t\t\t<\/div>\n\t\t\t\t<\/div>\n\t\t\t\t<\/div>\n\t\t<div class=\"elementor-element elementor-element-94681d9 e-con-full e-flex e-con e-parent\" data-id=\"94681d9\" data-element_type=\"container\" data-settings=\"{&quot;content_width&quot;:&quot;full&quot;}\" data-core-v316-plus=\"true\">\n\t\t<div class=\"elementor-element elementor-element-745aee2 e-con-full e-flex e-con e-child\" data-id=\"745aee2\" data-element_type=\"container\" data-settings=\"{&quot;content_width&quot;:&quot;full&quot;}\">\n\t\t\t\t<div class=\"elementor-element elementor-element-fddcb23 elementor-widget elementor-widget-spacer\" data-id=\"fddcb23\" data-element_type=\"widget\" data-widget_type=\"spacer.default\">\n\t\t\t\t<div class=\"elementor-widget-container\">\n\t\t\t\t\t<div class=\"elementor-spacer\">\n\t\t\t<div class=\"elementor-spacer-inner\"><\/div>\n\t\t<\/div>\n\t\t\t\t<\/div>\n\t\t\t\t<\/div>\n\t\t\t\t<div class=\"elementor-element elementor-element-a30b6a5 elementor-widget elementor-widget-image\" data-id=\"a30b6a5\" data-element_type=\"widget\" data-widget_type=\"image.default\">\n\t\t\t\t<div class=\"elementor-widget-container\">\n\t\t\t\t\t\t\t\t\t\t\t\t\t\t\t<img decoding=\"async\" loading=\"lazy\" width=\"300\" height=\"106\" src=\"https:\/\/1186.lv\/ru\/wp-content\/uploads\/sites\/3\/2023\/10\/cropped-InShot_20230408_124727392-300x106.jpg\" class=\"attachment-medium size-medium wp-image-1780\" alt=\"\" srcset=\"https:\/\/1186.lv\/ru\/wp-content\/uploads\/sites\/3\/2023\/10\/cropped-InShot_20230408_124727392-300x106.jpg 300w, https:\/\/1186.lv\/ru\/wp-content\/uploads\/sites\/3\/2023\/10\/cropped-InShot_20230408_124727392-1024x363.jpg 1024w, https:\/\/1186.lv\/ru\/wp-content\/uploads\/sites\/3\/2023\/10\/cropped-InShot_20230408_124727392-768x272.jpg 768w, https:\/\/1186.lv\/ru\/wp-content\/uploads\/sites\/3\/2023\/10\/cropped-InShot_20230408_124727392-1536x544.jpg 1536w, https:\/\/1186.lv\/ru\/wp-content\/uploads\/sites\/3\/2023\/10\/cropped-InShot_20230408_124727392-600x213.jpg 600w, https:\/\/1186.lv\/ru\/wp-content\/uploads\/sites\/3\/2023\/10\/cropped-InShot_20230408_124727392.jpg 1920w\" sizes=\"(max-width: 300px) 100vw, 300px\" \/>\t\t\t\t\t\t\t\t\t\t\t\t\t\t\t<\/div>\n\t\t\t\t<\/div>\n\t\t\t\t<\/div>\n\t\t<div class=\"elementor-element elementor-element-4baa922 e-con-full e-flex e-con e-child\" data-id=\"4baa922\" data-element_type=\"container\" data-settings=\"{&quot;content_width&quot;:&quot;full&quot;}\">\n\t\t\t\t<div class=\"elementor-element elementor-element-b40546b elementor-widget elementor-widget-spacer\" data-id=\"b40546b\" data-element_type=\"widget\" data-widget_type=\"spacer.default\">\n\t\t\t\t<div class=\"elementor-widget-container\">\n\t\t\t\t\t<div class=\"elementor-spacer\">\n\t\t\t<div class=\"elementor-spacer-inner\"><\/div>\n\t\t<\/div>\n\t\t\t\t<\/div>\n\t\t\t\t<\/div>\n\t\t\t\t<div class=\"elementor-element elementor-element-cdbfb66 elementor-widget elementor-widget-text-editor\" data-id=\"cdbfb66\" data-element_type=\"widget\" data-widget_type=\"text-editor.default\">\n\t\t\t\t<div class=\"elementor-widget-container\">\n\t\t\t\t\t\t\t<p>8811.LV ir unik\u0101ls Latvijas uz\u0146\u0113mumu ce\u013cvedis, kur iesp\u0113jams pievienot un skat\u012bt klientu atsauksmes, k\u0101 ar\u012b noskaidrot popul\u0101r\u0101kos uz\u0146\u0113mumus p\u0113c soci\u0101lo t\u012bklu lietot\u0101ju skaita. 8811.LV pal\u012bdz\u0113s Tev atrast Latvijas iecien\u012bt\u0101k\u0101s vietas, tirgot\u0101jus un ieteicam\u0101kos pakalpojumu sniedz\u0113jus.<\/p>\t\t\t\t\t\t<\/div>\n\t\t\t\t<\/div>\n\t\t\t\t<\/div>\n\t\t<div class=\"elementor-element elementor-element-aea2e1a e-con-full e-flex e-con e-child\" data-id=\"aea2e1a\" data-element_type=\"container\" data-settings=\"{&quot;content_width&quot;:&quot;full&quot;}\">\n\t\t\t\t<div class=\"elementor-element elementor-element-e70d910 elementor-widget elementor-widget-spacer\" data-id=\"e70d910\" data-element_type=\"widget\" data-widget_type=\"spacer.default\">\n\t\t\t\t<div class=\"elementor-widget-container\">\n\t\t\t\t\t<div class=\"elementor-spacer\">\n\t\t\t<div class=\"elementor-spacer-inner\"><\/div>\n\t\t<\/div>\n\t\t\t\t<\/div>\n\t\t\t\t<\/div>\n\t\t\t\t<div class=\"elementor-element elementor-element-580768a elementor-widget elementor-widget-text-editor\" data-id=\"580768a\" data-element_type=\"widget\" data-widget_type=\"text-editor.default\">\n\t\t\t\t<div class=\"elementor-widget-container\">\n\t\t\t\t\t\t\t<p>Kontakti <br \/><a href=\"mailto:Info@8811.lv\">Info@8811.lv<\/a><br \/><a href=\"tel:+371 20207858\">+371 20207858<\/a><br \/><a href=\"http:\/\/8811.lv\">http:\/\/8811.lv<\/a> <\/p>\t\t\t\t\t\t<\/div>\n\t\t\t\t<\/div>\n\t\t\t\t<\/div>\n\t\t\t\t<\/div>\n\t\t<div class=\"elementor-element elementor-element-c5f44f7 e-con-full e-flex e-con e-parent\" data-id=\"c5f44f7\" data-element_type=\"container\" data-settings=\"{&quot;content_width&quot;:&quot;full&quot;}\" data-core-v316-plus=\"true\">\n\t\t<div class=\"elementor-element elementor-element-75b00d2 e-con-full e-flex e-con e-child\" data-id=\"75b00d2\" data-element_type=\"container\" data-settings=\"{&quot;content_width&quot;:&quot;full&quot;}\">\n\t\t\t\t<div class=\"elementor-element elementor-element-7676a98 elementor-widget elementor-widget-spacer\" data-id=\"7676a98\" data-element_type=\"widget\" data-widget_type=\"spacer.default\">\n\t\t\t\t<div class=\"elementor-widget-container\">\n\t\t\t\t\t<div class=\"elementor-spacer\">\n\t\t\t<div class=\"elementor-spacer-inner\"><\/div>\n\t\t<\/div>\n\t\t\t\t<\/div>\n\t\t\t\t<\/div>\n\t\t\t\t<div class=\"elementor-element elementor-element-ad99455 elementor-widget elementor-widget-image\" data-id=\"ad99455\" data-element_type=\"widget\" data-widget_type=\"image.default\">\n\t\t\t\t<div class=\"elementor-widget-container\">\n\t\t\t\t\t\t\t\t\t\t\t\t\t\t\t<img decoding=\"async\" loading=\"lazy\" width=\"300\" height=\"300\" src=\"https:\/\/1186.lv\/ru\/wp-content\/uploads\/sites\/3\/2023\/10\/Untitled-1.png\" class=\"attachment-medium size-medium wp-image-1785\" alt=\"\" srcset=\"https:\/\/1186.lv\/ru\/wp-content\/uploads\/sites\/3\/2023\/10\/Untitled-1.png 300w, https:\/\/1186.lv\/ru\/wp-content\/uploads\/sites\/3\/2023\/10\/Untitled-1-150x150.png 150w, https:\/\/1186.lv\/ru\/wp-content\/uploads\/sites\/3\/2023\/10\/Untitled-1-100x100.png 100w\" sizes=\"(max-width: 300px) 100vw, 300px\" \/>\t\t\t\t\t\t\t\t\t\t\t\t\t\t\t<\/div>\n\t\t\t\t<\/div>\n\t\t\t\t<\/div>\n\t\t<div class=\"elementor-element elementor-element-76abf95 e-con-full e-flex e-con e-child\" data-id=\"76abf95\" data-element_type=\"container\" data-settings=\"{&quot;content_width&quot;:&quot;full&quot;}\">\n\t\t\t\t<div class=\"elementor-element elementor-element-ff31d64 elementor-widget elementor-widget-spacer\" data-id=\"ff31d64\" data-element_type=\"widget\" data-widget_type=\"spacer.default\">\n\t\t\t\t<div class=\"elementor-widget-container\">\n\t\t\t\t\t<div class=\"elementor-spacer\">\n\t\t\t<div class=\"elementor-spacer-inner\"><\/div>\n\t\t<\/div>\n\t\t\t\t<\/div>\n\t\t\t\t<\/div>\n\t\t\t\t<div class=\"elementor-element elementor-element-ddcd16a elementor-widget elementor-widget-text-editor\" data-id=\"ddcd16a\" data-element_type=\"widget\" data-widget_type=\"text-editor.default\">\n\t\t\t\t<div class=\"elementor-widget-container\">\n\t\t\t\t\t\t\t<p>1888.LV pal\u012bdz\u0113s Tev atrast Latvijas iecien\u012bt\u0101k\u0101s vietas, tirgot\u0101jus un ieteicam\u0101kos pakalpojumu sniedz\u0113jus.<\/p>\t\t\t\t\t\t<\/div>\n\t\t\t\t<\/div>\n\t\t\t\t<\/div>\n\t\t<div class=\"elementor-element elementor-element-ebd6639 e-con-full e-flex e-con e-child\" data-id=\"ebd6639\" data-element_type=\"container\" data-settings=\"{&quot;content_width&quot;:&quot;full&quot;}\">\n\t\t\t\t<div class=\"elementor-element elementor-element-075d6e6 elementor-widget elementor-widget-spacer\" data-id=\"075d6e6\" data-element_type=\"widget\" data-widget_type=\"spacer.default\">\n\t\t\t\t<div class=\"elementor-widget-container\">\n\t\t\t\t\t<div class=\"elementor-spacer\">\n\t\t\t<div class=\"elementor-spacer-inner\"><\/div>\n\t\t<\/div>\n\t\t\t\t<\/div>\n\t\t\t\t<\/div>\n\t\t\t\t<div class=\"elementor-element elementor-element-6cef490 elementor-widget elementor-widget-text-editor\" data-id=\"6cef490\" data-element_type=\"widget\" data-widget_type=\"text-editor.default\">\n\t\t\t\t<div class=\"elementor-widget-container\">\n\t\t\t\t\t\t\t<p>Kontakti <br \/><a href=\"mailto:Info@1888.lv\">Info@1888.lv<\/a><br \/><a href=\"tel:+37126228737\">+37126228737<\/a><br \/><a href=\"http:\/\/1888.lv\">http:\/\/1888.lv<\/a><\/p>\t\t\t\t\t\t<\/div>\n\t\t\t\t<\/div>\n\t\t\t\t<\/div>\n\t\t\t\t<\/div>\n\t\t\t\t\t\t\t<\/div>\n\t\t","protected":false},"excerpt":{"rendered":"<p>444.lv pakapojumiBiznesa uzzi\u0146u port\u0101ls444.lv Baltijas uz\u0146\u0113mumu ce\u013cvedis, kur iesp\u0113jams pievienot un skat\u012bt klientu atsauksmes, k\u0101 ar\u012b noskaidrot popul\u0101r\u0101kos uz\u0146\u0113mumus p\u0113c soci\u0101lo t\u012bklu lietot\u0101ju skaita. 444.LV pal\u012bdz\u0113s Tev atrast Latvijas iecien\u012bt\u0101k\u0101s vietas, tirgot\u0101jus un ieteicam\u0101kos pakalpojumu\u00a0sniedz\u0113jus. Kontakti:Info@444.lv+371 27255552http:\/\/444.lv 1185.LV ir unik\u0101ls Latvijas uz\u0146\u0113mumu ce\u013cvedis, kur iesp\u0113jams pievienot un skat\u012bt klientu atsauksmes, k\u0101 ar\u012b noskaidrot popul\u0101r\u0101kos uz\u0146\u0113mumus &hellip;<\/p>\n<p class=\"read-more\"> <a class=\"\" href=\"https:\/\/1186.lv\/ru\/transportesana-un-evakuacija\/\"> <span class=\"screen-reader-text\">Transport\u0113\u0161ana un evaku\u0101cija<\/span> Read More &raquo;<\/a><\/p>\n","protected":false},"author":1,"featured_media":0,"parent":0,"menu_order":0,"comment_status":"closed","ping_status":"open","template":"elementor_header_footer","meta":{"site-sidebar-layout":"no-sidebar","site-content-layout":"","ast-site-content-layout":"full-width-container","site-content-style":"default","site-sidebar-style":"default","ast-global-header-display":"","ast-banner-title-visibility":"","ast-main-header-display":"","ast-hfb-above-header-display":"","ast-hfb-below-header-display":"","ast-hfb-mobile-header-display":"","site-post-title":"disabled","ast-breadcrumbs-content":"","ast-featured-img":"disabled","footer-sml-layout":"","theme-transparent-header-meta":"","adv-header-id-meta":"","stick-header-meta":"","header-above-stick-meta":"","header-main-stick-meta":"","header-below-stick-meta":"","astra-migrate-meta-layouts":"","ast-page-background-enabled":"default","ast-page-background-meta":{"desktop":{"background-color":"var(--ast-global-color-4)","background-image":"","background-repeat":"repeat","background-position":"center center","background-size":"auto","background-attachment":"scroll","background-type":"","background-media":"","overlay-type":"","overlay-color":"","overlay-gradient":""},"tablet":{"background-color":"","background-image":"","background-repeat":"repeat","background-position":"center center","background-size":"auto","background-attachment":"scroll","background-type":"","background-media":"","overlay-type":"","overlay-color":"","overlay-gradient":""},"mobile":{"background-color":"","background-image":"","background-repeat":"repeat","background-position":"center center","background-size":"auto","background-attachment":"scroll","background-type":"","background-media":"","overlay-type":"","overlay-color":"","overlay-gradient":""}},"ast-content-background-meta":{"desktop":{"background-color":"var(--ast-global-color-5)","background-image":"","background-repeat":"repeat","background-position":"center center","background-size":"auto","background-attachment":"scroll","background-type":"","background-media":"","overlay-type":"","overlay-color":"","overlay-gradient":""},"tablet":{"background-color":"var(--ast-global-color-5)","background-image":"","background-repeat":"repeat","background-position":"center center","background-size":"auto","background-attachment":"scroll","background-type":"","background-media":"","overlay-type":"","overlay-color":"","overlay-gradient":""},"mobile":{"background-color":"var(--ast-global-color-5)","background-image":"","background-repeat":"repeat","background-position":"center center","background-size":"auto","background-attachment":"scroll","background-type":"","background-media":"","overlay-type":"","overlay-color":"","overlay-gradient":""}},"footnotes":""},"_links":{"self":[{"href":"https:\/\/1186.lv\/ru\/wp-json\/wp\/v2\/pages\/214"}],"collection":[{"href":"https:\/\/1186.lv\/ru\/wp-json\/wp\/v2\/pages"}],"about":[{"href":"https:\/\/1186.lv\/ru\/wp-json\/wp\/v2\/types\/page"}],"author":[{"embeddable":true,"href":"https:\/\/1186.lv\/ru\/wp-json\/wp\/v2\/users\/1"}],"replies":[{"embeddable":true,"href":"https:\/\/1186.lv\/ru\/wp-json\/wp\/v2\/comments?post=214"}],"version-history":[{"count":4,"href":"https:\/\/1186.lv\/ru\/wp-json\/wp\/v2\/pages\/214\/revisions"}],"predecessor-version":[{"id":2102,"href":"https:\/\/1186.lv\/ru\/wp-json\/wp\/v2\/pages\/214\/revisions\/2102"}],"wp:attachment":[{"href":"https:\/\/1186.lv\/ru\/wp-json\/wp\/v2\/media?parent=214"}],"curies":[{"name":"wp","href":"https:\/\/api.w.org\/{rel}","templated":true}]}}